{"id":3,"date":"2024-02-13T17:11:12","date_gmt":"2024-02-13T17:11:12","guid":{"rendered":"https:\/\/zanis.eu\/?page_id=3"},"modified":"2024-08-12T12:44:53","modified_gmt":"2024-08-12T12:44:53","slug":"privacy-policy","status":"publish","type":"page","link":"https:\/\/zanis.eu\/es\/privacy-policy\/","title":{"rendered":"pol\u00edtica de privacidad"},"content":{"rendered":"<p><\/p>\r\n<p>Adatv\u00e9delmi nyilatkozat<\/p>\r\n<p>ET-Solution \u00e9s Zanis az \u00fcgyfelei szem\u00e9lyes adatait tiszteletben tartja. A Szolg\u00e1ltat\u00f3 az adatok kezel\u00e9sekor a szem\u00e9lyes adatok v\u00e9delm\u00e9r\u0151l \u00e9s a k\u00f6z\u00e9rdek\u0171 adatok nyilv\u00e1noss\u00e1g\u00e1r\u00f3l sz\u00f3l\u00f3 1992. \u00e9vi LXIII. t\u00f6rv\u00e9ny rendelkez\u00e9sei szerint j\u00e1r el.<\/p>\r\n<p>Szolg\u00e1ltat\u00f3 adatokat megl\u00e9v\u0151 szolg\u00e1ltat\u00e1sainak biztos\u00edt\u00e1sa, fenntart\u00e1sa, v\u00e9delme, valamint \u00faj szolg\u00e1ltat\u00e1sainak fejleszt\u00e9se \u00e9rdek\u00e9ben gy\u0171jt valamint a szolg\u00e1ltat\u00e1sokb\u00f3l ad\u00f3d\u00f3 meghat\u00e1rozott c\u00e9lok \u00e9rdek\u00e9ben a lehet\u0151 legr\u00f6videbb ideig, az adattakar\u00e9koss\u00e1g \u00e9s az adatelker\u00fcl\u00e9s elv\u00e9t is figyelembe v\u00e9ve kezel.<\/p>\r\n<p>A Szolg\u00e1ltat\u00f3 internetes oldalai b\u00e1rmilyen adat megad\u00e1sa n\u00e9lk\u00fcl l\u00e1togathat\u00f3ak. Vannak azonban olyan jelleg\u0171 szolg\u00e1ltat\u00e1sok, amelyekhez sz\u00fcks\u00e9gszer\u0171en hozz\u00e1tartozik az adatszolg\u00e1ltat\u00e1s. Ilyen p\u00e9ld\u00e1ul az online v\u00e1s\u00e1rl\u00e1s. Ezen esetekben a v\u00e1s\u00e1rl\u00e1shoz legsz\u00fcks\u00e9gesebb adatok kiz\u00e1r\u00f3lag az online \u00fcgylet lebonyol\u00edt\u00e1s\u00e1hoz, a sz\u00e1ml\u00e1z\u00e1shoz, illetve a term\u00e9k h\u00e1zhoz sz\u00e1ll\u00edt\u00e1s\u00e1nak \u00e9rdek\u00e9ben ker\u00fclnek r\u00f6gz\u00edt\u00e9sre addig az id\u0151pontig, ameddig ez felt\u00e9tlen\u00fcl sz\u00fcks\u00e9ges; bele\u00e9rtve ebbe az id\u0151tartamba a reklam\u00e1ci\u00f3 \u00e9s a j\u00f3t\u00e1ll\u00e1s, szavatoss\u00e1g esetk\u00f6r\u00e9t, teh\u00e1t a szerz\u0151d\u00e9s felt\u00e9teleinek k\u00e9s\u0151bbi bizony\u00edt\u00e1sa \u00e9rdek\u00e9ben t\u00f6rt\u00e9n\u0151 t\u00e1rol\u00e1s eset\u00e9t is.<\/p>\r\n<p>Ezt k\u00f6vet\u0151en a megadott adatok t\u00f6rl\u00e9sre ker\u00fclnek. A Szolg\u00e1ltat\u00f3 az \u00fcgyf\u00e9l adatait harmadik f\u00e9lnek nem jogosult kiadni, kiv\u00e9ve azt az esetet, ha az \u00fcgyf\u00e9l ehhez kifejezetten hozz\u00e1j\u00e1rult illetve, ha a harmadik szem\u00e9ly Szolg\u00e1ltat\u00f3 kapcsol\u00f3d\u00f3 v\u00e1llalkoz\u00e1s\u00e1nak min\u0151s\u00fcl. A kapcsol\u00f3d\u00f3 v\u00e1llalkoz\u00e1sokat jelen nyilatkozattal megegyez\u0151 tartalm\u00fa adatv\u00e9delmi k\u00f6telezetts\u00e9g terheli. Az \u00fczemeltetett t\u00e1rhelyek kapcs\u00e1n Szolg\u00e1ltat\u00f3, valamint kapcsol\u00f3d\u00f3 v\u00e1llalkoz\u00e1sai, mint k\u00f6zvet\u00edt\u0151 szolg\u00e1ltat\u00f3k a m\u00e1s \u00e1ltal v\u00e1llalt adatv\u00e9delmi k\u00f6telezetts\u00e9g betart\u00e1s\u00e1\u00e9rt nem felelnek. A szolg\u00e1ltat\u00e1st ig\u00e9nybe vev\u0151knek lehet\u0151s\u00e9g\u00fck van arra, hogy annak ig\u00e9nybe v\u00e9tel\u00e9t megel\u0151z\u0151en, valamint az ig\u00e9nybev\u00e9tel sor\u00e1n folyamatosan a fent r\u00e9szletezett adatkezel\u00e9st \u00edr\u00e1sban a Szolg\u00e1ltat\u00f3hoz int\u00e9zett nyilatkozat form\u00e1j\u00e1ban megtiltsa.<\/p>\r\n<p>Ezen tilt\u00e1s kapcs\u00e1n azonban &#8211; tekintettel a panaszkezel\u00e9shez elengedhetetlen technikai jelleg\u0171 adat\u00e1llom\u00e1ny sz\u00fcks\u00e9gess\u00e9g\u00e9re &#8211; a szolg\u00e1ltat\u00e1s esetleges ellehetetlen\u00fcl\u00e9s\u00e9vel az \u00fcgyf\u00e9lnek sz\u00e1molnia kell.<\/p>\r\n<p><\/p>","protected":false},"excerpt":{"rendered":"<p>Adatv\u00e9delmi nyilatkozat ET-Solution \u00e9s Zanis az \u00fcgyfelei szem\u00e9lyes adatait tiszteletben tartja. A Szolg\u00e1ltat\u00f3 az adatok kezel\u00e9sekor a szem\u00e9lyes adatok v\u00e9delm\u00e9r\u0151l \u00e9s a k\u00f6z\u00e9rdek\u0171 adatok nyilv\u00e1noss\u00e1g\u00e1r\u00f3l sz\u00f3l\u00f3 1992. \u00e9vi LXIII. t\u00f6rv\u00e9ny rendelkez\u00e9sei szerint j\u00e1r el. Szolg\u00e1ltat\u00f3 adatokat megl\u00e9v\u0151 szolg\u00e1ltat\u00e1sainak biztos\u00edt\u00e1sa, fenntart\u00e1sa, v\u00e9delme, valamint \u00faj szolg\u00e1ltat\u00e1sainak fejleszt\u00e9se \u00e9rdek\u00e9ben gy\u0171jt valamint a szolg\u00e1ltat\u00e1sokb\u00f3l ad\u00f3d\u00f3 meghat\u00e1rozott c\u00e9lok \u00e9rdek\u00e9ben a &hellip; <\/p>\n<p class=\"link-more\"><a href=\"https:\/\/zanis.eu\/es\/privacy-policy\/\" class=\"more-link\">Read More <span class=\"screen-reader-text\"> &#8220;Privacy Policy&#8221;<\/span><\/a><\/p>","protected":false},"author":4,"featured_media":0,"parent":0,"menu_order":0,"comment_status":"closed","ping_status":"open","template":"","meta":{"_acf_changed":false,"inline_featured_image":false,"footnotes":""},"class_list":["post-3","page","type-page","status-publish","hentry"],"acf":[],"_links":{"self":[{"href":"https:\/\/zanis.eu\/es\/wp-json\/wp\/v2\/pages\/3","targetHints":{"allow":["GET"]}}],"collection":[{"href":"https:\/\/zanis.eu\/es\/wp-json\/wp\/v2\/pages"}],"about":[{"href":"https:\/\/zanis.eu\/es\/wp-json\/wp\/v2\/types\/page"}],"author":[{"embeddable":true,"href":"https:\/\/zanis.eu\/es\/wp-json\/wp\/v2\/users\/4"}],"replies":[{"embeddable":true,"href":"https:\/\/zanis.eu\/es\/wp-json\/wp\/v2\/comments?post=3"}],"version-history":[{"count":1,"href":"https:\/\/zanis.eu\/es\/wp-json\/wp\/v2\/pages\/3\/revisions"}],"predecessor-version":[{"id":4044,"href":"https:\/\/zanis.eu\/es\/wp-json\/wp\/v2\/pages\/3\/revisions\/4044"}],"wp:attachment":[{"href":"https:\/\/zanis.eu\/es\/wp-json\/wp\/v2\/media?parent=3"}],"curies":[{"name":"wp","href":"https:\/\/api.w.org\/{rel}","templated":true}]}}